{"id":1175,"date":"2018-08-30T13:06:47","date_gmt":"2018-08-30T16:06:47","guid":{"rendered":"https:\/\/ifdbellavista-crr.infd.edu.ar\/sitio\/normativas-y-reglamentaciones\/"},"modified":"2023-12-15T21:27:44","modified_gmt":"2023-12-16T00:27:44","slug":"normativas-y-reglamentaciones","status":"publish","type":"page","link":"https:\/\/ifdbellavista-crr.infd.edu.ar\/sitio\/normativas-y-reglamentaciones\/","title":{"rendered":"Normativas y reglamentaciones"},"content":{"rendered":"\n<div class=\"wp-block-group alignwide is-layout-flow\"><div class=\"wp-block-group__inner-container\">\n<h2 class=\"wp-block-heading\">Organizaci\u00f3n institucional&nbsp;<\/h2>\n\n\n\n<p>        Calendario 2024 &#8211; <a href=\"https:\/\/drive.google.com\/drive\/folders\/1yXh24d4ns6T9408t0qJOU65-5X1ulKbj?usp=sharing\">R.M. N\u00b0 6467\/23<\/a><\/p>\n\n\n\n<ul>\n<li>Reglamento Org\u00e1nico Marco (ROM) <a rel=\"noreferrer noopener\" href=\"upload\/ROM-Corrientes.pdf\" target=\"_blank\">&#8211; R.M. N\u00b0 1455\/14<\/a><\/li>\n<\/ul>\n\n\n\n<ul>\n<li>Rectificatoria de la R.M. N\u00b01455\/14<a rel=\"noreferrer noopener\" href=\"http:\/\/www.dgescorrientes.net\/ROM-AmpliatoriaDe1455-585-2015.pdf\" target=\"_blank\"> (R.M. N\u00b0 585\/14)<\/a><\/li>\n<\/ul>\n\n\n\n<ul>\n<li>Marco Regulatorio de la Investigaci\u00f3n Educativa &#8211;<a rel=\"noreferrer noopener\" href=\"http:\/\/www.dgescorrientes.net\/120-DISPOSICION120-marco-regulatorio-de-INVESTIGACION.pdf\" target=\"_blank\"> Disposici\u00f3n N\u00b0 120\/16<\/a><\/li>\n<\/ul>\n\n\n\n<ul>\n<li>Ampliatoria Funciones del Coordinador de Pol\u00edticas Estudiantiles &#8211; <a rel=\"noreferrer noopener\" href=\"http:\/\/www.dgescorrientes.net\/Res5226-2019.PDF\" target=\"_blank\">R.M. N\u00b0 5226\/19<\/a><\/li>\n<\/ul>\n\n\n\n<ul>\n<li>Reglamento de Pr\u00e1cticas de Profesorados de Educaci\u00f3n Secundaria &#8211;<a rel=\"noreferrer noopener\" href=\"upload\/Res.1977_11_Secundaria_y_todos_los_Niveles.pdf\" target=\"_blank\"> <\/a><a rel=\"noreferrer noopener\" href=\"https:\/\/ifdbellavista-crr.infd.edu.ar\/sitio\/normativas-y-reglamentaciones\/\" data-type=\"page\" data-id=\"1175\" target=\"_blank\">R.M. N\u00b0 1977\/14<\/a><\/li>\n<\/ul>\n\n\n\n<ul>\n<li>Reglamento de Pr\u00e1cticas del Profesorado en Educaci\u00f3n Primaria &#8211; <a rel=\"noreferrer noopener\" href=\"http:\/\/www.dgescorrientes.net\/normativa\/Resolucion-1910-2012.pdf\" target=\"_blank\">R.M. N\u00b0 1910\/12<\/a><\/li>\n<\/ul>\n\n\n\n<ul>\n<li>Sistema de correlatividades &#8211;<a rel=\"noreferrer noopener\" href=\"http:\/\/www.dgescorrientes.net\/Correlatividades-Anexos-Diagramas-v6.pdf\" target=\"_blank\"> Disposici\u00f3n N\u00b0 086\/16<\/a><\/li>\n<\/ul>\n\n\n\n<ul>\n<li>Estatuto Marco para Centros de Estudiantes de los Institutos dependientes de la Direcci\u00f3n de Nivel Superior &#8211;<a rel=\"noreferrer noopener\" href=\"http:\/\/dgescorrientes.net\/Res-3323-18-ESTATUTO-CENTRO-ESTUDIANTES.pdf\" target=\"_blank\"> R.M. N\u00b0 3223\/18<\/a><\/li>\n<\/ul>\n\n\n\n<ul>\n<li>Valoraci\u00f3n de T\u00edtulos y Antecedentes del Nivel Superior para Interinatos y Suplencias para Profesorados &#8211;<a rel=\"noreferrer noopener\" href=\"http:\/\/www.dgescorrientes.net\/Res-5293-2016-Valoracion.pdf\" target=\"_blank\"> R.M. N\u00b0 5293\/16<\/a><\/li>\n<\/ul>\n\n\n\n<ul>\n<li>Valoraci\u00f3n de T\u00edtulos y Antecedentes del Nivel Superior para Interinatos y Suplencias para Tecnicaturas &#8211;<a href=\"http:\/\/www.dgescorrientes.net\/ValoracionTecnica-RM_2108_2831_3337-2021.pdf\"> <\/a> <strong>Resoluci\u00f3n 4539\/2022<\/strong><\/li>\n<\/ul>\n\n\n\n<ul>\n<li>Perfiles profesionales&nbsp; &#8211; <a rel=\"noreferrer noopener\" href=\"http:\/\/www.dgescorrientes.net\/Disp-685-bis-PerfilesDocentes.pdf\" target=\"_blank\">Disposici\u00f3n 685-BIS<\/a><\/li>\n<\/ul>\n\n\n\n<ul>\n<li>Uso de dispositivos dentro del aula &#8211;<a href=\"https:\/\/www.mec.gob.ar\/servicios\/normativas\/\"> Ley N\u00b0 5873<\/a><\/li>\n<\/ul>\n\n\n\n<ul>\n<li>Ley de Educaci\u00f3n T\u00e9cnico Profesional  &#8211;<a rel=\"noreferrer noopener\" href=\"http:\/\/www.inet.edu.ar\/wp-content\/uploads\/2012\/10\/ley-26058.pdf\" target=\"_blank\"> Ley 26058<\/a><\/li>\n<\/ul>\n\n\n\n<ul>\n<li>Ley de Educaci\u00f3n  Superior &#8211; <a href=\"https:\/\/drive.google.com\/file\/d\/1acjhQs4C1v_kzOiEnNsU9obyBihDOVJc\/view?usp=sharing\">Ley N\u00b0 24.521<\/a><\/li>\n<\/ul>\n\n\n\n<ul>\n<li>Ley de Educaci\u00f3n Sexual Integral &#8211; <a href=\"https:\/\/drive.google.com\/file\/d\/1g2EUv4CkoGyCLEdod4Y8Z3_oS5nBvOsA\/view?usp=sharing\">Ley N\u00b0 26.150<\/a><\/li>\n<\/ul>\n\n\n\n<ul>\n<li>Ley de Educaci\u00f3n Nacional &#8211; <a href=\"https:\/\/drive.google.com\/file\/d\/1YdJYpJhcoDdqSGkhZ7WeLlsxG4e8mztz\/view?usp=sharing\">Ley N\u00b0 26.206<\/a><\/li>\n<\/ul>\n\n\n\n<ul>\n<li>Estatuto Del Docente \u2013 <a href=\"https:\/\/drive.google.com\/file\/d\/1LPjpxIbr7NXpSOi-FH4QE_MHl-E_HQJU\/view?usp=sharing\">Ley N\u00b0 3723 <\/a><\/li>\n<\/ul>\n\n\n\n<ul>\n<li>Estatuto del empleado P\u00fablico &#8211; <a rel=\"noreferrer noopener\" href=\"https:\/\/drive.google.com\/file\/d\/1f_WkAPSMKHFQyLkc3mrIFmZ1TDfyRq-H\/view?usp=sharing\" target=\"_blank\">Ley N\u00b0 4067<\/a><\/li>\n<\/ul>\n\n\n\n<ul>\n<li>R\u00e9gimen de permisos y licencias &#8211;<a rel=\"noreferrer noopener\" href=\"https:\/\/drive.google.com\/file\/d\/1dVnLMAks1OiueoODJ2WCB1pV24H3AXDm\/view?usp=sharing\" target=\"_blank\"> Decreto N\u00ba 1482\/79 \u2013 1620\/79<\/a><\/li>\n<\/ul>\n\n\n\n<p><\/p>\n\n\n\n<p><\/p>\n<\/div><\/div>\n\n\n\n<h2 class=\"wp-block-heading\">Dise\u00f1os curriculares<\/h2>\n\n\n\n<ul>\n<li>Profesorado de Educaci\u00f3n Secundaria en Biolog\u00eda &#8211; <a rel=\"noreferrer noopener\" href=\"http:\/\/www.dgescorrientes.net\/discur2017\/DC-Biologia-2017-Res4173-16.pdf\" target=\"_blank\">R.M- N\u00b0 4173\/16<\/a><\/li>\n<\/ul>\n\n\n\n<ul>\n<li>Profesorado en Educaci\u00f3n Primaria &#8211;<a href=\"http:\/\/www.dgescorrientes.net\/Res-1464-Primaria.pdf\"> R.<\/a><a rel=\"noreferrer noopener\" href=\"http:\/\/www.dgescorrientes.net\/Res-1464-Primaria.pdf\" target=\"_blank\">M<\/a><a href=\"http:\/\/www.dgescorrientes.net\/Res-1464-Primaria.pdf\">. N\u00b0 1464\/14<\/a>  <\/li>\n\n\n\n<li>Profesorado de Educaci\u00f3n Secundaria en Historia <a rel=\"noreferrer noopener\" href=\"http:\/\/www.dgescorrientes.net\/discur\/DisCurricular-Historia-Res-4657-2015.pdf\" data-type=\"URL\" data-id=\"http:\/\/www.dgescorrientes.net\/discur\/DisCurricular-Historia-Res-4657-2015.pdf\" target=\"_blank\">R.M. N\u00b0 4657\/15<\/a><\/li>\n<\/ul>\n\n\n\n<p><\/p>\n\n\n\n<ul>\n<li>Profesorado para la Educaci\u00f3n Secundaria en Lengua y Literatura &#8211; <a href=\"http:\/\/www.dgescorrientes.net\/discur\/DisCurricular-LenguaLiteratura-Res-4659-2015.pdf\">R.M. N\u00b0 4659\/15<\/a><\/li>\n<\/ul>\n\n\n\n<ul>\n<li>Profesorado para la Educaci\u00f3n Secundaria en Matem\u00e1tica &#8211;<a href=\"http:\/\/www.dgescorrientes.net\/discur\/DisCurricular-Matematica-Res-4658-2015.pdf\"> R.M. N\u00b0 4658\/15<\/a><\/li>\n<\/ul>\n\n\n\n<ul>\n<li>Profesorado para la Educaci\u00f3n Secundaria en Qu\u00edmica &#8211;<a href=\"http:\/\/www.dgescorrientes.net\/discur\/DisCurricular-Quimica-Res-4594-2015.pdf\"> R.M. N\u00b0 4594\/15 <\/a> <\/li>\n<\/ul>\n\n\n\n<ul>\n<li>Profesorado para la Educaci\u00f3n Secundaria en Ingl\u00e9s &#8211;  <a href=\"http:\/\/www.dgescorrientes.net\/discur\/DisCurricular-Ingles-Res-4592-2015.pdf\">R.M. N\u00b0 4592\/15<\/a><\/li>\n<\/ul>\n\n\n\n<ul>\n<li>Profesorado de Educaci\u00f3n F\u00edsica  &#8211;<a href=\"http:\/\/dgescorrientes.net\/discur\/DisCurricular-EducFisica-Res-2614-2015.pdf\"> R.M. N\u00b0 2614\/15<\/a><\/li>\n<\/ul>\n\n\n\n<ul>\n<li>Tecnicatura Superior en Turismo <\/li>\n<\/ul>\n\n\n\n<h2 class=\"wp-block-heading\">Formaci\u00f3n Continua<\/h2>\n\n\n\n<ul>\n<li>Acciones de capacitaci\u00f3n &#8211; <a rel=\"noreferrer noopener\" href=\"http:\/\/dgescorrientes.net\/Resolucion-265-2013.pdf\" target=\"_blank\">R.M. N\u00b0 265\/13<\/a><\/li>\n<\/ul>\n\n\n\n<ul>\n<li>Reglamentaci\u00f3n para post\u00edtulos&nbsp; &#8211; <a rel=\"noreferrer noopener\" href=\"http:\/\/www.dgescorrientes.net\/Resolucion-3112-2013.pdf\" target=\"_blank\">R.M. N\u00b0 3112\/14<\/a><\/li>\n<\/ul>\n\n\n\n<ul>\n<li>Reglamentaci\u00f3n para post\u00edtulos&nbsp; &#8211;<a rel=\"noreferrer noopener\" href=\"http:\/\/dgescorrientes.net\/res-872-2016.pdf\" target=\"_blank\"> R.M. N\u00b0 872\/16<\/a><\/li>\n<\/ul>\n\n\n\n<ul>\n<li>Certificaci\u00f3n QR &#8211;<a rel=\"noreferrer noopener\" href=\"http:\/\/www.dgescorrientes.net\/res-5047-2020-QR2.pdf\" target=\"_blank\"> R.M. N\u00b0 5047\/20<\/a><\/li>\n<\/ul>\n\n\n\n<ul>\n<li>Gratuidad de los post\u00edtulos docentes &#8211;&nbsp; <a href=\"http:\/\/www.dgescorrientes.net\/Resolucion-2850-2017.pdf\">R.M.<\/a> <a rel=\"noreferrer noopener\" href=\"http:\/\/www.dgescorrientes.net\/Resolucion-2850-2017.pdf\" target=\"_blank\">N\u00b0 2850\/17<\/a><\/li>\n<\/ul>\n\n\n\n<ul>\n<li>Lineamientos de la Formaci\u00f3n Continua en la actualidad &#8211;<a rel=\"noreferrer noopener\" href=\"http:\/\/www.dgescorrientes.net\/Res-6432-2020-FormContinua.pdf\" target=\"_blank\"> R.M. N\u00b0 6432\/20<\/a><\/li>\n<\/ul>\n\n\n\n<ul>\n<li>Certificaci\u00f3n y Valoraci\u00f3n&nbsp; de Post\u00edtulos Docentes &#8211;<a rel=\"noreferrer noopener\" href=\"http:\/\/www.dgescorrientes.net\/Res-6307-21.pdf\" target=\"_blank\"> R.M. N\u00b0 6307\/21<\/a><\/li>\n<\/ul>\n\n\n\n<ul>\n<li>Marco Regulatorio para Post\u00edtulos Docentes &#8211;<a rel=\"noreferrer noopener\" href=\"https:\/\/cedoc.infd.edu.ar\/review\/res-cfe-no-117-10\/\" target=\"_blank\"> Res. CFE N\u00b0 117\/1<\/a>0<\/li>\n<\/ul>\n\n\n\n<ul>\n<li><a rel=\"noreferrer noopener\" href=\"http:\/\/sima.mec.gob.ar\/certificados\/\" target=\"_blank\">Certificados ONLINE<\/a><\/li>\n<\/ul>\n\n\n\n<ul>\n<li><a href=\"http:\/\/sima.mec.gob.ar\/catalogo\/\">Cat\u00e1logo de capacitaciones <\/a><\/li>\n<\/ul>\n\n\n\n<p><\/p>\n\n\n\n<p><\/p>\n\n\n\n<h2 class=\"wp-block-heading\">Concurso<\/h2>\n\n\n\n<ul>\n<li>Concurso Docente &#8211;&nbsp; Reglamento de concursos &#8211;<a rel=\"noreferrer noopener\" href=\"http:\/\/www.dgescorrientes.net\/Res-2318-12-Concurso-B.pdf\" target=\"_blank\"> R.M. N\u00b0 2318\/12<\/a><\/li>\n<\/ul>\n\n\n\n<ul>\n<li>Concurso Docente &#8211; <a rel=\"noreferrer noopener\" href=\"http:\/\/www.dgescorrientes.net\/Res-2318-12-Anexo2.pdf\" target=\"_blank\">Anexo de R.M. N\u00b0 2318\/12&nbsp;<\/a><\/li>\n<\/ul>\n\n\n\n<ul>\n<li><a rel=\"noreferrer noopener\" href=\"upload\/img090.pdf\" target=\"_blank\">Disposici\u00f3n 724<\/a> (Cargo de Coordinador de carrera), <a rel=\"noreferrer noopener\" href=\"upload\/Grilla_de_evaluaciu00F3n_Coordinaciu00F3n.doc\" target=\"_blank\">Anexo<\/a>(Grilla de valoraci\u00f3n)<\/li>\n<\/ul>\n","protected":false},"excerpt":{"rendered":"<p>Organizaci\u00f3n institucional&nbsp; Calendario 2024 &#8211; R.M. N\u00b0 6467\/23 Dise\u00f1os curriculares Formaci\u00f3n Continua Concurso<\/p>\n","protected":false},"author":854,"featured_media":0,"parent":0,"menu_order":0,"comment_status":"closed","ping_status":"closed","template":"","meta":[],"acf":[],"_links":{"self":[{"href":"https:\/\/ifdbellavista-crr.infd.edu.ar\/sitio\/wp-json\/wp\/v2\/pages\/1175"}],"collection":[{"href":"https:\/\/ifdbellavista-crr.infd.edu.ar\/sitio\/wp-json\/wp\/v2\/pages"}],"about":[{"href":"https:\/\/ifdbellavista-crr.infd.edu.ar\/sitio\/wp-json\/wp\/v2\/types\/page"}],"author":[{"embeddable":true,"href":"https:\/\/ifdbellavista-crr.infd.edu.ar\/sitio\/wp-json\/wp\/v2\/users\/854"}],"replies":[{"embeddable":true,"href":"https:\/\/ifdbellavista-crr.infd.edu.ar\/sitio\/wp-json\/wp\/v2\/comments?post=1175"}],"version-history":[{"count":26,"href":"https:\/\/ifdbellavista-crr.infd.edu.ar\/sitio\/wp-json\/wp\/v2\/pages\/1175\/revisions"}],"predecessor-version":[{"id":1806,"href":"https:\/\/ifdbellavista-crr.infd.edu.ar\/sitio\/wp-json\/wp\/v2\/pages\/1175\/revisions\/1806"}],"wp:attachment":[{"href":"https:\/\/ifdbellavista-crr.infd.edu.ar\/sitio\/wp-json\/wp\/v2\/media?parent=1175"}],"curies":[{"name":"wp","href":"https:\/\/api.w.org\/{rel}","templated":true}]}}