{"id":1388,"date":"2018-12-11T21:30:45","date_gmt":"2018-12-12T00:30:45","guid":{"rendered":"https:\/\/ifdbellavista-crr.infd.edu.ar\/sitio\/?page_id=1388"},"modified":"2022-05-11T20:50:18","modified_gmt":"2022-05-11T23:50:18","slug":"tramite-de-pase","status":"publish","type":"page","link":"https:\/\/ifdbellavista-crr.infd.edu.ar\/sitio\/tramite-de-pase\/","title":{"rendered":"Tr\u00e1mite de pase"},"content":{"rendered":"<div>Pasos y consideraciones para solicitar el pase de una instituci\u00f3n a otra:<\/div>\n<div>1-\u00a0Los pases se realizan en los primeros meses del ciclo lectivo, hasta mayo inclusive. Luego de ese mes se pueden realizar pero requiere la autorizaci\u00f3n escrita de los Consejos Directivos de ambas instituciones.<\/div>\n<div>2- El alumno debe solicitar una constancia de vacante en la ISFD Bella Vista (Instituci\u00f3n destino), present\u00e1ndose en persona o por medio de alg\u00fan emisario con la documentaci\u00f3n que se le requiere a un ingresante.<\/div>\n<div>3- La constancia de vacante debe ser presentada por el alumno en la Instituci\u00f3n de origen.<\/div>\n<div>4- El alumno debe solicitar en la instituci\u00f3n de origen el \u00abFormulario de Solicitud de pase\u00bb (si \u00e9sta no lo posee puede solicitarlo en el ISFD Bella Vista).<\/div>\n<div>5- El \u00abFormulario de Solicitud de Pase\u00bb deber\u00e1 ser completado por el alumno y la instituci\u00f3n de origen.<\/div>\n<div>6- El alumno deber\u00e1 traer a la instituci\u00f3n destino el \u00abFormulario de Solicitud de Pase\u00bb (completado por \u00e9l y por su instituci\u00f3n), adem\u00e1s de un certificado de domicilio en la localidad de Bella Vista (que lo puede obtener en la dependencia policial de Bella Vista), Certificado Anal\u00edtico de materias cursadas y aprobadas emitido por la instituci\u00f3n de origen, y los planes de c\u00e1tedra (sellados y firmados en cada hoja) que consten en el anal\u00edtico como cursadas o aprobadas.<\/div>\n<div>7- Si el Plan de estudios coincide con el de ISFD Bella Vista, todos los espacios acreditados ser\u00e1n otorgados como equivalentes de manera autom\u00e1tica. Si no coinciden, el alumno deber\u00e1 solicitar equivalencias de cada espacio curricular regularizado o aprobado.<\/div>\n","protected":false},"excerpt":{"rendered":"<p>Pasos y consideraciones para solicitar el pase de una instituci\u00f3n a otra: 1-\u00a0Los pases se realizan en los primeros meses del ciclo lectivo, hasta mayo inclusive. Luego de ese mes se pueden realizar pero requiere la autorizaci\u00f3n escrita de los Consejos Directivos de ambas instituciones. 2- El alumno debe solicitar una constancia de vacante en &#8230; <a title=\"Tr\u00e1mite de pase\" class=\"read-more\" href=\"https:\/\/ifdbellavista-crr.infd.edu.ar\/sitio\/tramite-de-pase\/\" aria-label=\"More on Tr\u00e1mite de pase\">[+]<\/a><\/p>\n","protected":false},"author":854,"featured_media":0,"parent":0,"menu_order":0,"comment_status":"closed","ping_status":"closed","template":"","meta":[],"acf":[],"_links":{"self":[{"href":"https:\/\/ifdbellavista-crr.infd.edu.ar\/sitio\/wp-json\/wp\/v2\/pages\/1388"}],"collection":[{"href":"https:\/\/ifdbellavista-crr.infd.edu.ar\/sitio\/wp-json\/wp\/v2\/pages"}],"about":[{"href":"https:\/\/ifdbellavista-crr.infd.edu.ar\/sitio\/wp-json\/wp\/v2\/types\/page"}],"author":[{"embeddable":true,"href":"https:\/\/ifdbellavista-crr.infd.edu.ar\/sitio\/wp-json\/wp\/v2\/users\/854"}],"replies":[{"embeddable":true,"href":"https:\/\/ifdbellavista-crr.infd.edu.ar\/sitio\/wp-json\/wp\/v2\/comments?post=1388"}],"version-history":[{"count":2,"href":"https:\/\/ifdbellavista-crr.infd.edu.ar\/sitio\/wp-json\/wp\/v2\/pages\/1388\/revisions"}],"predecessor-version":[{"id":1636,"href":"https:\/\/ifdbellavista-crr.infd.edu.ar\/sitio\/wp-json\/wp\/v2\/pages\/1388\/revisions\/1636"}],"wp:attachment":[{"href":"https:\/\/ifdbellavista-crr.infd.edu.ar\/sitio\/wp-json\/wp\/v2\/media?parent=1388"}],"curies":[{"name":"wp","href":"https:\/\/api.w.org\/{rel}","templated":true}]}}