{"id":1476,"date":"2021-09-30T20:26:06","date_gmt":"2021-09-30T23:26:06","guid":{"rendered":"https:\/\/ifdbellavista-crr.infd.edu.ar\/sitio\/?page_id=1476"},"modified":"2021-09-30T20:26:07","modified_gmt":"2021-09-30T23:26:07","slug":"sima-educativa","status":"publish","type":"page","link":"https:\/\/ifdbellavista-crr.infd.edu.ar\/sitio\/sima-educativa\/","title":{"rendered":"SIMA EDUCATIVA"},"content":{"rendered":"\n<p><strong>SIMA\u00a0<\/strong>es un Software On-Line destinado a la administraci\u00f3n de Institutos Superiores de la Provincia de Corrientes. Desde aqu\u00ed pod\u00e9s gestionar e informarte sobre tu trayectoria\u00a0<strong>educativa<\/strong>, tu desarrollo profesional y tu formaci\u00f3n continua.<\/p>\n\n\n\n<p><a href=\"http:\/\/simaeducativa.mec.gob.ar\/bv\/\" target=\"_blank\" rel=\"noreferrer noopener\">http:\/\/simaeducativa.mec.gob.ar\/bv\/<\/a><\/p>\n","protected":false},"excerpt":{"rendered":"<p>SIMA\u00a0es un Software On-Line destinado a la administraci\u00f3n de Institutos Superiores de la Provincia de Corrientes. Desde aqu\u00ed pod\u00e9s gestionar e informarte sobre tu trayectoria\u00a0educativa, tu desarrollo profesional y tu formaci\u00f3n continua. http:\/\/simaeducativa.mec.gob.ar\/bv\/<\/p>\n","protected":false},"author":122,"featured_media":0,"parent":0,"menu_order":0,"comment_status":"closed","ping_status":"closed","template":"","meta":[],"acf":[],"_links":{"self":[{"href":"https:\/\/ifdbellavista-crr.infd.edu.ar\/sitio\/wp-json\/wp\/v2\/pages\/1476"}],"collection":[{"href":"https:\/\/ifdbellavista-crr.infd.edu.ar\/sitio\/wp-json\/wp\/v2\/pages"}],"about":[{"href":"https:\/\/ifdbellavista-crr.infd.edu.ar\/sitio\/wp-json\/wp\/v2\/types\/page"}],"author":[{"embeddable":true,"href":"https:\/\/ifdbellavista-crr.infd.edu.ar\/sitio\/wp-json\/wp\/v2\/users\/122"}],"replies":[{"embeddable":true,"href":"https:\/\/ifdbellavista-crr.infd.edu.ar\/sitio\/wp-json\/wp\/v2\/comments?post=1476"}],"version-history":[{"count":1,"href":"https:\/\/ifdbellavista-crr.infd.edu.ar\/sitio\/wp-json\/wp\/v2\/pages\/1476\/revisions"}],"predecessor-version":[{"id":1477,"href":"https:\/\/ifdbellavista-crr.infd.edu.ar\/sitio\/wp-json\/wp\/v2\/pages\/1476\/revisions\/1477"}],"wp:attachment":[{"href":"https:\/\/ifdbellavista-crr.infd.edu.ar\/sitio\/wp-json\/wp\/v2\/media?parent=1476"}],"curies":[{"name":"wp","href":"https:\/\/api.w.org\/{rel}","templated":true}]}}