{"id":1541,"date":"2021-11-28T18:10:03","date_gmt":"2021-11-28T21:10:03","guid":{"rendered":"https:\/\/ifdbellavista-crr.infd.edu.ar\/sitio\/?page_id=1541"},"modified":"2024-02-11T10:10:19","modified_gmt":"2024-02-11T13:10:19","slug":"fechas-importantes-calendario-2022","status":"publish","type":"page","link":"https:\/\/ifdbellavista-crr.infd.edu.ar\/sitio\/fechas-importantes-calendario-2022\/","title":{"rendered":"FECHAS IMPORTANTES &#8211; CALENDARIO 2024 R.M. 6467\/23"},"content":{"rendered":"\n<ol>\n<li><strong>Pre-inscripci\u00f3n de aspirantes a carreras docentes y tecnicaturas del ISFD Bella Vista: <\/strong>07 al 14 de febrero de 2024 a  trav\u00e9s de <a rel=\"noreferrer noopener\" href=\"http:\/\/simaeducativa.mec.gob.ar\/ingresantes\/\" target=\"_blank\">http:\/\/simaeducativa.mec.gob.ar\/ingresantes\/<\/a> (Siempre y cuando el cupo lo permita)<\/li>\n\n\n\n<li><strong>Pre-inscripci\u00f3n de aspirantes a capacitaciones del ISFD Bella Vista: <\/strong>desde el 14 de febrero de 2024 a trav\u00e9s de <a rel=\"noreferrer noopener\" href=\"http:\/\/simaeducativa.mec.gob.ar\/ingresantes\/\" target=\"_blank\">http:\/\/simaeducativa.mec.gob.ar\/ingresantes\/<\/a> (Siempre y cuando el cupo lo permita)<\/li>\n\n\n\n<li><strong>Confirmaci\u00f3n y recepci\u00f3n  de documentaci\u00f3n de aspirantes 2024:  <\/strong>09 al 14 de febrero de 2024<\/li>\n\n\n\n<li>I<strong>nscripci\u00f3n a mesas de ex\u00e1menes turno febrero-marzo, ambos llamados: <\/strong>09 al 16 de febrero de 2024<\/li>\n\n\n\n<li><strong>Curso introductorio para aspirantes 2024 : <\/strong>19 de febrero al 15 de marzo de 2024<\/li>\n\n\n\n<li><strong>Primer llamado turno febrero-marzo:<\/strong> del 22 de febrero al 04 de marzo de 2024<\/li>\n\n\n\n<li><strong>Segundo llamado turno febrero-marzo:<\/strong> del 06 al 15 de marzo de 2024<\/li>\n\n\n\n<li><strong>Matriculaci\u00f3n e inscripci\u00f3n en SIMA Educativa al cursado de materias del primer cuatrimestre y anuales: <\/strong>del 11 al 15 de marzo de 2024.<\/li>\n\n\n\n<li><strong>Inicio de clases:<\/strong> 18 de marzo de 2024<\/li>\n\n\n\n<li><strong>Primer encuentro provincial de estudiantes de nivel superior<\/strong>: 16 de mayo de 2024<\/li>\n\n\n\n<li><strong>Fecha l\u00edmite para la entrega de t\u00edtulo de nivel secundario en el caso de los aspirantes a primer a\u00f1o:<\/strong> 31 de mayo de 2024<\/li>\n\n\n\n<li><strong>Finalizaci\u00f3n del primer cuatrimestre: <\/strong>08 de julio de 2024<\/li>\n\n\n\n<li><strong>Inscripci\u00f3n a ex\u00e1menes  del turno julio-agosto: <\/strong>10 al 12 de julio de 2024<\/li>\n\n\n\n<li><strong>Receso escolar de invierno:<\/strong> del 15 al 26 de julio de 2024<\/li>\n\n\n\n<li><strong>Mesas de ex\u00e1menes del turno julio-agosto<\/strong>: del 01 al 12 de agosto de 2024<\/li>\n\n\n\n<li><strong>Inscripci\u00f3n en SIMA Educativa al cursado de materias del segundo cuatrimestre:<\/strong> del 02 al 05 de agosto de 2024<\/li>\n\n\n\n<li>I<strong>nicio del segundo cuatrimestre<\/strong>: 12 de agosto de 2024<\/li>\n\n\n\n<li><strong>Segundo encuentro provincial de estudiantes de nivel superior: <\/strong>15 de agosto de 2024<\/li>\n\n\n\n<li><strong>Inscripci\u00f3n a ex\u00e1menes del turno diciembre, ambos llamados: <\/strong>26 y 27 de noviembre de 2024<\/li>\n\n\n\n<li><strong>Finalizaci\u00f3n del segundo cuatrimestre: <\/strong>29 de noviembre de 2024<\/li>\n\n\n\n<li><strong>Primer llamado turno diciembre:<\/strong> del 02 al 13 de diciembre de 2024<\/li>\n\n\n\n<li><strong> Segundo llamado turno diciembre:<\/strong> del 13 al 21 de diciembre de 2024<\/li>\n\n\n\n<li><strong>Finalizaci\u00f3n del Ciclo Lectivo 2024<\/strong>: 23 de diciembre. de 2024<\/li>\n<\/ol>\n\n\n\n<p><\/p>\n\n\n\n<p><\/p>\n","protected":false},"excerpt":{"rendered":"","protected":false},"author":122,"featured_media":0,"parent":0,"menu_order":0,"comment_status":"closed","ping_status":"closed","template":"","meta":[],"acf":[],"_links":{"self":[{"href":"https:\/\/ifdbellavista-crr.infd.edu.ar\/sitio\/wp-json\/wp\/v2\/pages\/1541"}],"collection":[{"href":"https:\/\/ifdbellavista-crr.infd.edu.ar\/sitio\/wp-json\/wp\/v2\/pages"}],"about":[{"href":"https:\/\/ifdbellavista-crr.infd.edu.ar\/sitio\/wp-json\/wp\/v2\/types\/page"}],"author":[{"embeddable":true,"href":"https:\/\/ifdbellavista-crr.infd.edu.ar\/sitio\/wp-json\/wp\/v2\/users\/122"}],"replies":[{"embeddable":true,"href":"https:\/\/ifdbellavista-crr.infd.edu.ar\/sitio\/wp-json\/wp\/v2\/comments?post=1541"}],"version-history":[{"count":39,"href":"https:\/\/ifdbellavista-crr.infd.edu.ar\/sitio\/wp-json\/wp\/v2\/pages\/1541\/revisions"}],"predecessor-version":[{"id":1827,"href":"https:\/\/ifdbellavista-crr.infd.edu.ar\/sitio\/wp-json\/wp\/v2\/pages\/1541\/revisions\/1827"}],"wp:attachment":[{"href":"https:\/\/ifdbellavista-crr.infd.edu.ar\/sitio\/wp-json\/wp\/v2\/media?parent=1541"}],"curies":[{"name":"wp","href":"https:\/\/api.w.org\/{rel}","templated":true}]}}